{"id":4623,"date":"2025-05-02T17:54:19","date_gmt":"2025-05-02T15:54:19","guid":{"rendered":"https:\/\/priveovtc.com\/?page_id=4623"},"modified":"2025-05-05T18:21:39","modified_gmt":"2025-05-05T16:21:39","slug":"mentions-legales","status":"publish","type":"page","link":"https:\/\/priveovtc.com\/en\/mentions-legales\/","title":{"rendered":"Legal notices"},"content":{"rendered":"<div data-elementor-type=\"wp-page\" data-elementor-id=\"4623\" class=\"elementor elementor-4623\" data-elementor-post-type=\"page\">\n\t\t\t\t<div class=\"elementor-element elementor-element-6d83d72 e-flex e-con-boxed e-con e-parent\" data-id=\"6d83d72\" data-element_type=\"container\" data-e-type=\"container\" data-settings=\"{&quot;background_background&quot;:&quot;classic&quot;}\">\n\t\t\t\t\t<div class=\"e-con-inner\">\n\t\t<div class=\"elementor-element elementor-element-b52c8ce e-flex e-con-boxed e-con e-child\" data-id=\"b52c8ce\" data-element_type=\"container\" data-e-type=\"container\" data-settings=\"{&quot;background_background&quot;:&quot;classic&quot;}\">\n\t\t\t\t\t<div class=\"e-con-inner\">\n\t\t\t\t<div class=\"elementor-element elementor-element-e7ce8c7 elementor-widget elementor-widget-heading\" data-id=\"e7ce8c7\" data-element_type=\"widget\" data-e-type=\"widget\" data-widget_type=\"heading.default\">\n\t\t\t\t<div class=\"elementor-widget-container\">\n\t\t\t\t\t<h1 class=\"elementor-heading-title elementor-size-default\">Legal notices<\/h1>\t\t\t\t<\/div>\n\t\t\t\t<\/div>\n\t\t\t\t\t<\/div>\n\t\t\t\t<\/div>\n\t\t\t\t\t<\/div>\n\t\t\t\t<\/div>\n\t\t<div class=\"elementor-element elementor-element-477beb0 e-flex e-con-boxed e-con e-parent\" data-id=\"477beb0\" data-element_type=\"container\" data-e-type=\"container\" data-settings=\"{&quot;background_background&quot;:&quot;classic&quot;}\">\n\t\t\t\t\t<div class=\"e-con-inner\">\n\t\t<div class=\"elementor-element elementor-element-0b92876 e-con-full e-flex e-con e-child\" data-id=\"0b92876\" data-element_type=\"container\" data-e-type=\"container\">\n\t\t\t\t<div class=\"elementor-element elementor-element-abab46b elementor-widget elementor-widget-heading\" data-id=\"abab46b\" data-element_type=\"widget\" data-e-type=\"widget\" data-widget_type=\"heading.default\">\n\t\t\t\t<div class=\"elementor-widget-container\">\n\t\t\t\t\t<h2 class=\"elementor-heading-title elementor-size-default\">Site Editor\n<\/h2>\t\t\t\t<\/div>\n\t\t\t\t<\/div>\n\t\t\t\t<div class=\"elementor-element elementor-element-35c4c92 elementor-widget elementor-widget-text-editor\" data-id=\"35c4c92\" data-element_type=\"widget\" data-e-type=\"widget\" data-widget_type=\"text-editor.default\">\n\t\t\t\t<div class=\"elementor-widget-container\">\n\t\t\t\t\t\t\t\t\t<ul><li class=\"\" data-start=\"224\" data-end=\"259\"><p class=\"\" data-start=\"226\" data-end=\"259\"><strong data-start=\"226\" data-end=\"244\">Trade name<\/strong> : PRIVEO VTC<\/p><\/li><li class=\"\" data-start=\"260\" data-end=\"312\"><p class=\"\" data-start=\"262\" data-end=\"312\"><strong data-start=\"262\" data-end=\"285\">Company Name<\/strong> : KENFACK TEDADJIO Habib<\/p><\/li><li class=\"\" data-start=\"313\" data-end=\"373\"><p class=\"\" data-start=\"315\" data-end=\"373\"><strong data-start=\"315\" data-end=\"334\">Legal status<\/strong> : Individual craft business<\/p><\/li><li class=\"\" data-start=\"374\" data-end=\"401\"><p class=\"\" data-start=\"376\" data-end=\"401\"><strong data-start=\"376\" data-end=\"385\">SIREN<\/strong> : 943 201 608<\/p><\/li><li class=\"\" data-start=\"402\" data-end=\"435\"><p class=\"\" data-start=\"404\" data-end=\"435\"><strong data-start=\"404\" data-end=\"413\">SIRET<\/strong> : 943 201 608 00016<\/p><\/li><li class=\"\" data-start=\"436\" data-end=\"496\"><p class=\"\" data-start=\"438\" data-end=\"496\"><strong data-start=\"438\" data-end=\"450\">APE Code<\/strong> : 4932Z \u2013 Passenger transport by taxis<\/p><\/li><li class=\"\" data-start=\"497\" data-end=\"596\"><p class=\"\" data-start=\"499\" data-end=\"596\"><strong data-start=\"499\" data-end=\"526\">Head office address<\/strong> :<br data-start=\"528\" data-end=\"531\" \/>114 Rue Henri Pauquet, APP 1305 ETG 3<br data-start=\"570\" data-end=\"573\" \/>60100 Creil, France<\/p><\/li><li class=\"\" data-start=\"597\" data-end=\"631\"><p class=\"\" data-start=\"599\" data-end=\"631\"><strong data-start=\"599\" data-end=\"612\">Phone<\/strong> : +33 766842574<\/p><\/li><li class=\"\" data-start=\"632\" data-end=\"670\"><p class=\"\" data-start=\"634\" data-end=\"670\"><strong data-start=\"634\" data-end=\"644\">E-mail<\/strong> : <a rel=\"noopener\" data-start=\"647\" data-end=\"668\">contact@priveovtc.com<\/a><\/p><\/li><\/ul>\t\t\t\t\t\t\t\t<\/div>\n\t\t\t\t<\/div>\n\t\t\t\t<\/div>\n\t\t<div class=\"elementor-element elementor-element-88893e2 e-con-full e-flex e-con e-child\" data-id=\"88893e2\" data-element_type=\"container\" data-e-type=\"container\">\n\t\t\t\t<div class=\"elementor-element elementor-element-e4f5c8b elementor-widget elementor-widget-heading\" data-id=\"e4f5c8b\" data-element_type=\"widget\" data-e-type=\"widget\" data-widget_type=\"heading.default\">\n\t\t\t\t<div class=\"elementor-widget-container\">\n\t\t\t\t\t<h2 class=\"elementor-heading-title elementor-size-default\">Director of Publication\n<\/h2>\t\t\t\t<\/div>\n\t\t\t\t<\/div>\n\t\t\t\t<div class=\"elementor-element elementor-element-4f63804 elementor-widget elementor-widget-text-editor\" data-id=\"4f63804\" data-element_type=\"widget\" data-e-type=\"widget\" data-widget_type=\"text-editor.default\">\n\t\t\t\t<div class=\"elementor-widget-container\">\n\t\t\t\t\t\t\t\t\t<ul><li class=\"\" data-start=\"746\" data-end=\"773\"><p class=\"\" data-start=\"748\" data-end=\"773\"><strong data-start=\"748\" data-end=\"755\">Name<\/strong> : Habib Tedajio<\/p><\/li><li class=\"\" data-start=\"774\" data-end=\"819\"><p class=\"\" data-start=\"776\" data-end=\"819\"><strong data-start=\"776\" data-end=\"788\">Function<\/strong> : Publication manager<\/p><\/li><\/ul>\t\t\t\t\t\t\t\t<\/div>\n\t\t\t\t<\/div>\n\t\t\t\t<\/div>\n\t\t<div class=\"elementor-element elementor-element-7d0887a e-con-full e-flex e-con e-child\" data-id=\"7d0887a\" data-element_type=\"container\" data-e-type=\"container\">\n\t\t\t\t<div class=\"elementor-element elementor-element-3e3ce41 elementor-widget elementor-widget-heading\" data-id=\"3e3ce41\" data-element_type=\"widget\" data-e-type=\"widget\" data-widget_type=\"heading.default\">\n\t\t\t\t<div class=\"elementor-widget-container\">\n\t\t\t\t\t<h2 class=\"elementor-heading-title elementor-size-default\">Site Host<\/h2>\t\t\t\t<\/div>\n\t\t\t\t<\/div>\n\t\t\t\t<div class=\"elementor-element elementor-element-39dff6f elementor-widget elementor-widget-text-editor\" data-id=\"39dff6f\" data-element_type=\"widget\" data-e-type=\"widget\" data-widget_type=\"text-editor.default\">\n\t\t\t\t<div class=\"elementor-widget-container\">\n\t\t\t\t\t\t\t\t\t<ul><li class=\"\" data-start=\"844\" data-end=\"867\"><p class=\"\" data-start=\"846\" data-end=\"867\"><strong data-start=\"846\" data-end=\"853\">Name<\/strong> : Hostinger<\/p><\/li><li class=\"\" data-start=\"868\" data-end=\"929\"><p class=\"\" data-start=\"870\" data-end=\"929\"><strong data-start=\"870\" data-end=\"881\">Address<\/strong> : 61 Lordou Vironos Street, 6023 Larnaca, Cyprus<\/p><\/li><li class=\"\" data-start=\"930\" data-end=\"999\"><p class=\"\" data-start=\"932\" data-end=\"999\"><strong data-start=\"932\" data-end=\"944\">Website<\/strong> : <a class=\"\" href=\"https:\/\/www.hostinger.fr\" target=\"_new\" rel=\"noopener\" data-start=\"947\" data-end=\"999\">https:\/\/www.hostinger.fr<\/a><\/p><\/li><\/ul>\t\t\t\t\t\t\t\t<\/div>\n\t\t\t\t<\/div>\n\t\t\t\t<\/div>\n\t\t<div class=\"elementor-element elementor-element-b745e56 e-con-full e-flex e-con e-child\" data-id=\"b745e56\" data-element_type=\"container\" data-e-type=\"container\">\n\t\t\t\t<div class=\"elementor-element elementor-element-7d9ed5e elementor-widget elementor-widget-heading\" data-id=\"7d9ed5e\" data-element_type=\"widget\" data-e-type=\"widget\" data-widget_type=\"heading.default\">\n\t\t\t\t<div class=\"elementor-widget-container\">\n\t\t\t\t\t<h2 class=\"elementor-heading-title elementor-size-default\">Activity\n<\/h2>\t\t\t\t<\/div>\n\t\t\t\t<\/div>\n\t\t\t\t<div class=\"elementor-element elementor-element-6f9ac74 elementor-widget elementor-widget-text-editor\" data-id=\"6f9ac74\" data-element_type=\"widget\" data-e-type=\"widget\" data-widget_type=\"text-editor.default\">\n\t\t\t\t<div class=\"elementor-widget-container\">\n\t\t\t\t\t\t\t\t\t<ul><li class=\"\" data-start=\"1015\" data-end=\"1080\"><p class=\"\" data-start=\"1017\" data-end=\"1080\"><strong data-start=\"1017\" data-end=\"1040\">Main activity<\/strong> : Public passenger transport (VTC)<\/p><\/li><li class=\"\" data-start=\"1081\" data-end=\"1147\"><p class=\"\" data-start=\"1083\" data-end=\"1147\"><strong data-start=\"1083\" data-end=\"1096\">APRM Code<\/strong> : 49.32ZB \u2013 Car rental with driver<\/p><\/li><li class=\"\" data-start=\"1148\" data-end=\"1194\"><p class=\"\" data-start=\"1150\" data-end=\"1194\"><strong data-start=\"1150\" data-end=\"1179\">Nature of the establishment<\/strong> : Artisanal<\/p><\/li><\/ul>\t\t\t\t\t\t\t\t<\/div>\n\t\t\t\t<\/div>\n\t\t\t\t<\/div>\n\t\t<div class=\"elementor-element elementor-element-c6843da e-con-full e-flex e-con e-child\" data-id=\"c6843da\" data-element_type=\"container\" data-e-type=\"container\">\n\t\t\t\t<div class=\"elementor-element elementor-element-a228ca1 elementor-widget elementor-widget-heading\" data-id=\"a228ca1\" data-element_type=\"widget\" data-e-type=\"widget\" data-widget_type=\"heading.default\">\n\t\t\t\t<div class=\"elementor-widget-container\">\n\t\t\t\t\t<h2 class=\"elementor-heading-title elementor-size-default\">Intellectual Property<\/h2>\t\t\t\t<\/div>\n\t\t\t\t<\/div>\n\t\t\t\t<div class=\"elementor-element elementor-element-412d59b elementor-widget elementor-widget-text-editor\" data-id=\"412d59b\" data-element_type=\"widget\" data-e-type=\"widget\" data-widget_type=\"text-editor.default\">\n\t\t\t\t<div class=\"elementor-widget-container\">\n\t\t\t\t\t\t\t\t\t<p>All content on the site <strong data-start=\"1362\" data-end=\"1379\">priveovtc.com<\/strong> (texts, images, logos, etc.) is the exclusive property of PRIVEO VTC.<br data-start=\"1451\" data-end=\"1454\" \/>Any reproduction, representation, modification, publication, adaptation of all or part of the site, whatever the means or process used, is prohibited without the prior written authorization of PRIVEO VTC.<\/p>\t\t\t\t\t\t\t\t<\/div>\n\t\t\t\t<\/div>\n\t\t\t\t<\/div>\n\t\t<div class=\"elementor-element elementor-element-692616b e-con-full e-flex e-con e-child\" data-id=\"692616b\" data-element_type=\"container\" data-e-type=\"container\">\n\t\t\t\t<div class=\"elementor-element elementor-element-d14c299 elementor-widget elementor-widget-heading\" data-id=\"d14c299\" data-element_type=\"widget\" data-e-type=\"widget\" data-widget_type=\"heading.default\">\n\t\t\t\t<div class=\"elementor-widget-container\">\n\t\t\t\t\t<h2 class=\"elementor-heading-title elementor-size-default\">Protection of Personal Data<\/h2>\t\t\t\t<\/div>\n\t\t\t\t<\/div>\n\t\t\t\t<div class=\"elementor-element elementor-element-552ea3d elementor-widget elementor-widget-text-editor\" data-id=\"552ea3d\" data-element_type=\"widget\" data-e-type=\"widget\" data-widget_type=\"text-editor.default\">\n\t\t\t\t<div class=\"elementor-widget-container\">\n\t\t\t\t\t\t\t\t\t<p class=\"\" data-start=\"1709\" data-end=\"1911\">PRIVEO VTC is committed to ensuring that the collection and processing of your personal data complies with the General Data Protection Regulation (GDPR) and the French Data Protection Act.<\/p><ul data-start=\"1913\" data-end=\"2270\"><li class=\"\" data-start=\"1913\" data-end=\"1962\"><p class=\"\" data-start=\"1915\" data-end=\"1962\"><strong data-start=\"1915\" data-end=\"1944\">Data controller<\/strong> : Habib Tedajio<\/p><\/li><li class=\"\" data-start=\"1963\" data-end=\"2071\"><p class=\"\" data-start=\"1965\" data-end=\"2071\"><strong data-start=\"1965\" data-end=\"1978\">Purposes<\/strong> : reservation management, customer relations, service monitoring, prospecting, statistics.<\/p><\/li><li class=\"\" data-start=\"2072\" data-end=\"2270\"><p class=\"\" data-start=\"2074\" data-end=\"2270\"><strong data-start=\"2074\" data-end=\"2111\">Right of access and rectification<\/strong> :<br data-start=\"2113\" data-end=\"2116\" \/>You have the right to access, modify, and delete your data. To exercise this right, contact us at: <strong data-start=\"2244\" data-end=\"2269\"><a rel=\"noopener\" data-start=\"2246\" data-end=\"2267\">contact@priveovtc.com<\/a><\/strong>.<\/p><\/li><\/ul>\t\t\t\t\t\t\t\t<\/div>\n\t\t\t\t<\/div>\n\t\t\t\t<\/div>\n\t\t<div class=\"elementor-element elementor-element-c5856e8 e-con-full e-flex e-con e-child\" data-id=\"c5856e8\" data-element_type=\"container\" data-e-type=\"container\">\n\t\t\t\t<div class=\"elementor-element elementor-element-5006418 elementor-widget elementor-widget-heading\" data-id=\"5006418\" data-element_type=\"widget\" data-e-type=\"widget\" data-widget_type=\"heading.default\">\n\t\t\t\t<div class=\"elementor-widget-container\">\n\t\t\t\t\t<h2 class=\"elementor-heading-title elementor-size-default\">Cookies\n<\/h2>\t\t\t\t<\/div>\n\t\t\t\t<\/div>\n\t\t\t\t<div class=\"elementor-element elementor-element-aa487a7 elementor-widget elementor-widget-text-editor\" data-id=\"aa487a7\" data-element_type=\"widget\" data-e-type=\"widget\" data-widget_type=\"text-editor.default\">\n\t\t\t\t<div class=\"elementor-widget-container\">\n\t\t\t\t\t\t\t\t\t<p class=\"\" data-start=\"2285\" data-end=\"2478\">The site <strong data-start=\"2293\" data-end=\"2310\">priveovtc.com<\/strong> uses cookies to improve user experience and analyze traffic. You can refuse or configure cookies in your browser settings.<\/p>\t\t\t\t\t\t\t\t<\/div>\n\t\t\t\t<\/div>\n\t\t\t\t<\/div>\n\t\t<div class=\"elementor-element elementor-element-272388b e-con-full e-flex e-con e-child\" data-id=\"272388b\" data-element_type=\"container\" data-e-type=\"container\">\n\t\t\t\t<div class=\"elementor-element elementor-element-ca638bb elementor-widget elementor-widget-heading\" data-id=\"ca638bb\" data-element_type=\"widget\" data-e-type=\"widget\" data-widget_type=\"heading.default\">\n\t\t\t\t<div class=\"elementor-widget-container\">\n\t\t\t\t\t<h2 class=\"elementor-heading-title elementor-size-default\">Applicable Law<\/h2>\t\t\t\t<\/div>\n\t\t\t\t<\/div>\n\t\t\t\t<div class=\"elementor-element elementor-element-d54da7c elementor-widget elementor-widget-text-editor\" data-id=\"d54da7c\" data-element_type=\"widget\" data-e-type=\"widget\" data-widget_type=\"text-editor.default\">\n\t\t\t\t<div class=\"elementor-widget-container\">\n\t\t\t\t\t\t\t\t\t<p class=\"\" data-start=\"2502\" data-end=\"2687\">These legal notices are governed by French law. In the event of a dispute, and in the absence of an amicable agreement, the dispute will be brought before the competent French courts.<\/p>\t\t\t\t\t\t\t\t<\/div>\n\t\t\t\t<\/div>\n\t\t\t\t<\/div>\n\t\t<div class=\"elementor-element elementor-element-102661e e-con-full e-flex e-con e-child\" data-id=\"102661e\" data-element_type=\"container\" data-e-type=\"container\">\n\t\t\t\t<div class=\"elementor-element elementor-element-8f6bb42 elementor-widget elementor-widget-heading\" data-id=\"8f6bb42\" data-element_type=\"widget\" data-e-type=\"widget\" data-widget_type=\"heading.default\">\n\t\t\t\t<div class=\"elementor-widget-container\">\n\t\t\t\t\t<h2 class=\"elementor-heading-title elementor-size-default\">Contact<\/h2>\t\t\t\t<\/div>\n\t\t\t\t<\/div>\n\t\t\t\t<div class=\"elementor-element elementor-element-8974ea2 elementor-widget elementor-widget-text-editor\" data-id=\"8974ea2\" data-element_type=\"widget\" data-e-type=\"widget\" data-widget_type=\"text-editor.default\">\n\t\t\t\t<div class=\"elementor-widget-container\">\n\t\t\t\t\t\t\t\t\t<p class=\"\" data-start=\"2702\" data-end=\"2855\">For any questions regarding these legal notices:<br data-start=\"2755\" data-end=\"2758\" \/>\ud83d\udce7 <strong data-start=\"2761\" data-end=\"2786\"><a rel=\"noopener\" data-start=\"2763\" data-end=\"2784\">contact@priveovtc.com<\/a><\/strong><br data-start=\"2786\" data-end=\"2789\" \/>\ud83d\udccd <strong data-start=\"2792\" data-end=\"2855\">114 Rue Henri Pauquet, 60100 Creil \u2013 France<\/strong><\/p>\t\t\t\t\t\t\t\t<\/div>\n\t\t\t\t<\/div>\n\t\t\t\t<\/div>\n\t\t\t\t\t<\/div>\n\t\t\t\t<\/div>\n\t\t\t\t<\/div>","protected":false},"excerpt":{"rendered":"<p>\u00c9diteur du Site Nom commercial : PRIVEO VTC Nom de l&rsquo;entreprise : KENFACK TEDADJIO Habib Forme juridique : Entreprise individuelle artisanale SIREN : 943 201 608 SIRET : 943 201 608 00016 Code APE : 4932Z \u2013 Transports de voyageurs par taxis Adresse du si\u00e8ge social :114 Rue Henri Pauquet, APP 1305 ETG 360100 Creil, [&hellip;]<\/p>","protected":false},"author":1,"featured_media":0,"parent":0,"menu_order":0,"comment_status":"closed","ping_status":"closed","template":"elementor_header_footer","meta":{"footnotes":""},"class_list":["post-4623","page","type-page","status-publish","hentry"],"yoast_head":"<!-- This site is optimized with the Yoast SEO plugin v27.4 - https:\/\/yoast.com\/product\/yoast-seo-wordpress\/ -->\n<title>Mentions l\u00e9gales - Priv\u00e9o VTC<\/title>\n<meta name=\"robots\" content=\"index, follow, max-snippet:-1, max-image-preview:large, max-video-preview:-1\" \/>\n<link rel=\"canonical\" href=\"https:\/\/priveovtc.com\/en\/mentions-legales\/\" \/>\n<meta property=\"og:locale\" content=\"en_US\" \/>\n<meta property=\"og:type\" content=\"article\" \/>\n<meta property=\"og:title\" content=\"Mentions l\u00e9gales - Priv\u00e9o VTC\" \/>\n<meta property=\"og:description\" content=\"\u00c9diteur du Site Nom commercial : PRIVEO VTC Nom de l&rsquo;entreprise : KENFACK TEDADJIO Habib Forme juridique : Entreprise individuelle artisanale SIREN : 943 201 608 SIRET : 943 201 608 00016 Code APE : 4932Z \u2013 Transports de voyageurs par taxis Adresse du si\u00e8ge social :114 Rue Henri Pauquet, APP 1305 ETG 360100 Creil, [&hellip;]\" \/>\n<meta property=\"og:url\" content=\"https:\/\/priveovtc.com\/en\/mentions-legales\/\" \/>\n<meta property=\"og:site_name\" content=\"Priv\u00e9o VTC\" \/>\n<meta property=\"article:modified_time\" content=\"2025-05-05T16:21:39+00:00\" \/>\n<meta name=\"twitter:card\" content=\"summary_large_image\" \/>\n<meta name=\"twitter:label1\" content=\"Est. reading time\" \/>\n\t<meta name=\"twitter:data1\" content=\"3 minutes\" \/>\n<script type=\"application\/ld+json\" class=\"yoast-schema-graph\">{\"@context\":\"https:\\\/\\\/schema.org\",\"@graph\":[{\"@type\":\"WebPage\",\"@id\":\"https:\\\/\\\/priveovtc.com\\\/mentions-legales\\\/\",\"url\":\"https:\\\/\\\/priveovtc.com\\\/mentions-legales\\\/\",\"name\":\"Mentions l\u00e9gales - Priv\u00e9o VTC\",\"isPartOf\":{\"@id\":\"https:\\\/\\\/www.priveovtc.com\\\/#website\"},\"datePublished\":\"2025-05-02T15:54:19+00:00\",\"dateModified\":\"2025-05-05T16:21:39+00:00\",\"breadcrumb\":{\"@id\":\"https:\\\/\\\/priveovtc.com\\\/mentions-legales\\\/#breadcrumb\"},\"inLanguage\":\"en-US\",\"potentialAction\":[{\"@type\":\"ReadAction\",\"target\":[\"https:\\\/\\\/priveovtc.com\\\/mentions-legales\\\/\"]}]},{\"@type\":\"BreadcrumbList\",\"@id\":\"https:\\\/\\\/priveovtc.com\\\/mentions-legales\\\/#breadcrumb\",\"itemListElement\":[{\"@type\":\"ListItem\",\"position\":1,\"name\":\"Accueil\",\"item\":\"https:\\\/\\\/priveovtc.com\\\/\"},{\"@type\":\"ListItem\",\"position\":2,\"name\":\"Mentions l\u00e9gales\"}]},{\"@type\":\"WebSite\",\"@id\":\"https:\\\/\\\/www.priveovtc.com\\\/#website\",\"url\":\"https:\\\/\\\/www.priveovtc.com\\\/\",\"name\":\"Priv\u00e9o VTC\",\"description\":\"Votre chauffeur priv\u00e9, votre confort absolu.\",\"publisher\":{\"@id\":\"https:\\\/\\\/www.priveovtc.com\\\/#organization\"},\"potentialAction\":[{\"@type\":\"SearchAction\",\"target\":{\"@type\":\"EntryPoint\",\"urlTemplate\":\"https:\\\/\\\/www.priveovtc.com\\\/?s={search_term_string}\"},\"query-input\":{\"@type\":\"PropertyValueSpecification\",\"valueRequired\":true,\"valueName\":\"search_term_string\"}}],\"inLanguage\":\"en-US\"},{\"@type\":\"Organization\",\"@id\":\"https:\\\/\\\/www.priveovtc.com\\\/#organization\",\"name\":\"Priv\u00e9o VTC\",\"url\":\"https:\\\/\\\/www.priveovtc.com\\\/\",\"logo\":{\"@type\":\"ImageObject\",\"inLanguage\":\"en-US\",\"@id\":\"https:\\\/\\\/www.priveovtc.com\\\/#\\\/schema\\\/logo\\\/image\\\/\",\"url\":\"https:\\\/\\\/priveovtc.com\\\/wp-content\\\/uploads\\\/2025\\\/03\\\/luxury-store-500-x-100-px-500-x-100-px-1-1.svg\",\"contentUrl\":\"https:\\\/\\\/priveovtc.com\\\/wp-content\\\/uploads\\\/2025\\\/03\\\/luxury-store-500-x-100-px-500-x-100-px-1-1.svg\",\"width\":500,\"height\":100,\"caption\":\"Priv\u00e9o VTC\"},\"image\":{\"@id\":\"https:\\\/\\\/www.priveovtc.com\\\/#\\\/schema\\\/logo\\\/image\\\/\"}}]}<\/script>\n<!-- \/ Yoast SEO plugin. -->","yoast_head_json":{"title":"Mentions l\u00e9gales - Priv\u00e9o VTC","robots":{"index":"index","follow":"follow","max-snippet":"max-snippet:-1","max-image-preview":"max-image-preview:large","max-video-preview":"max-video-preview:-1"},"canonical":"https:\/\/priveovtc.com\/en\/mentions-legales\/","og_locale":"en_US","og_type":"article","og_title":"Mentions l\u00e9gales - Priv\u00e9o VTC","og_description":"\u00c9diteur du Site Nom commercial : PRIVEO VTC Nom de l&rsquo;entreprise : KENFACK TEDADJIO Habib Forme juridique : Entreprise individuelle artisanale SIREN : 943 201 608 SIRET : 943 201 608 00016 Code APE : 4932Z \u2013 Transports de voyageurs par taxis Adresse du si\u00e8ge social :114 Rue Henri Pauquet, APP 1305 ETG 360100 Creil, [&hellip;]","og_url":"https:\/\/priveovtc.com\/en\/mentions-legales\/","og_site_name":"Priv\u00e9o VTC","article_modified_time":"2025-05-05T16:21:39+00:00","twitter_card":"summary_large_image","twitter_misc":{"Est. reading time":"3 minutes"},"schema":{"@context":"https:\/\/schema.org","@graph":[{"@type":"WebPage","@id":"https:\/\/priveovtc.com\/mentions-legales\/","url":"https:\/\/priveovtc.com\/mentions-legales\/","name":"Mentions l\u00e9gales - Priv\u00e9o VTC","isPartOf":{"@id":"https:\/\/www.priveovtc.com\/#website"},"datePublished":"2025-05-02T15:54:19+00:00","dateModified":"2025-05-05T16:21:39+00:00","breadcrumb":{"@id":"https:\/\/priveovtc.com\/mentions-legales\/#breadcrumb"},"inLanguage":"en-US","potentialAction":[{"@type":"ReadAction","target":["https:\/\/priveovtc.com\/mentions-legales\/"]}]},{"@type":"BreadcrumbList","@id":"https:\/\/priveovtc.com\/mentions-legales\/#breadcrumb","itemListElement":[{"@type":"ListItem","position":1,"name":"Accueil","item":"https:\/\/priveovtc.com\/"},{"@type":"ListItem","position":2,"name":"Mentions l\u00e9gales"}]},{"@type":"WebSite","@id":"https:\/\/www.priveovtc.com\/#website","url":"https:\/\/www.priveovtc.com\/","name":"Private VTC","description":"Votre chauffeur priv\u00e9, votre confort absolu.","publisher":{"@id":"https:\/\/www.priveovtc.com\/#organization"},"potentialAction":[{"@type":"SearchAction","target":{"@type":"EntryPoint","urlTemplate":"https:\/\/www.priveovtc.com\/?s={search_term_string}"},"query-input":{"@type":"PropertyValueSpecification","valueRequired":true,"valueName":"search_term_string"}}],"inLanguage":"en-US"},{"@type":"Organization","@id":"https:\/\/www.priveovtc.com\/#organization","name":"Private VTC","url":"https:\/\/www.priveovtc.com\/","logo":{"@type":"ImageObject","inLanguage":"en-US","@id":"https:\/\/www.priveovtc.com\/#\/schema\/logo\/image\/","url":"https:\/\/priveovtc.com\/wp-content\/uploads\/2025\/03\/luxury-store-500-x-100-px-500-x-100-px-1-1.svg","contentUrl":"https:\/\/priveovtc.com\/wp-content\/uploads\/2025\/03\/luxury-store-500-x-100-px-500-x-100-px-1-1.svg","width":500,"height":100,"caption":"Priv\u00e9o VTC"},"image":{"@id":"https:\/\/www.priveovtc.com\/#\/schema\/logo\/image\/"}}]}},"_links":{"self":[{"href":"https:\/\/priveovtc.com\/en\/wp-json\/wp\/v2\/pages\/4623","targetHints":{"allow":["GET"]}}],"collection":[{"href":"https:\/\/priveovtc.com\/en\/wp-json\/wp\/v2\/pages"}],"about":[{"href":"https:\/\/priveovtc.com\/en\/wp-json\/wp\/v2\/types\/page"}],"author":[{"embeddable":true,"href":"https:\/\/priveovtc.com\/en\/wp-json\/wp\/v2\/users\/1"}],"replies":[{"embeddable":true,"href":"https:\/\/priveovtc.com\/en\/wp-json\/wp\/v2\/comments?post=4623"}],"version-history":[{"count":10,"href":"https:\/\/priveovtc.com\/en\/wp-json\/wp\/v2\/pages\/4623\/revisions"}],"predecessor-version":[{"id":4699,"href":"https:\/\/priveovtc.com\/en\/wp-json\/wp\/v2\/pages\/4623\/revisions\/4699"}],"wp:attachment":[{"href":"https:\/\/priveovtc.com\/en\/wp-json\/wp\/v2\/media?parent=4623"}],"curies":[{"name":"wp","href":"https:\/\/api.w.org\/{rel}","templated":true}]}}